{"id":6056,"date":"2025-06-17T14:56:15","date_gmt":"2025-06-17T12:56:15","guid":{"rendered":"https:\/\/novox.com\/produkt\/gtr-tools-s6-statyw-gitarowy\/"},"modified":"2025-06-17T14:56:15","modified_gmt":"2025-06-17T12:56:15","slug":"gtr-tools-s6-statyw-gitarowy","status":"publish","type":"product","link":"https:\/\/novox.com\/nl\/produkt\/gtr-tools-s6-statyw-gitarowy\/","title":{"rendered":"GTR Tools S6 statyw gitarowy"},"content":{"rendered":"<p>Innowacyjny, kompaktowy statyw gitarowy, wykonany z tworzywa polimerowego. Jest to bardzo stabilne, jednocze\u015bnie lekkie rozwi\u0105zanie, kt&amp;ampoacutere ka\u017cdy muzyk mo\u017ce spakowa\u0107 wraz z instrumentem do swojego pokrowca. Sk\u0142adana konstrukcja pozwala stosowa\u0107 statyw do gitar akustycznych, elektrycznych, basowych i innych instrument&amp;ampoacutew strunowych.&amp;ampnbsp lekki i kompaktowy statyw gitarowy tworzywo: polimer kolor: czarny prosty w u\u017cyciu niewielkie gabaryty po z\u0142o\u017ceniu kompatybilny z: gitary akustyczne, gitary elektryczne, gitary basowe, inne instrumenty strunowe<\/p>","protected":false},"excerpt":{"rendered":"<p>Innowacyjny, kompaktowy statyw gitarowy, wykonany z tworzywa polimerowego. Jest to bardzo stabilne, jednocze\u015bnie lekkie rozwi\u0105zanie, kt&amp;ampoacutere ka\u017cdy muzyk mo\u017ce spakowa\u0107 wraz z instrumentem do swojego pokrowca. Sk\u0142adana konstrukcja pozwala stosowa\u0107 [&hellip;]<\/p>\n<p><a href=\"https:\/\/novox.com\/nl\/produkt\/gtr-tools-s6-statyw-gitarowy\/\" class=\"more-link style2-button\">Read More<\/a><\/p>","protected":false},"featured_media":6052,"template":"","meta":[],"product_brand":[],"product_cat":[102],"product_tag":[],"class_list":{"0":"post-6056","1":"product","2":"type-product","3":"status-publish","4":"has-post-thumbnail","6":"product_cat-statywy-haki-do-gitary","8":"first","9":"outofstock","10":"shipping-taxable","11":"purchasable","12":"product-type-simple"},"_links":{"self":[{"href":"https:\/\/novox.com\/nl\/wp-json\/wp\/v2\/product\/6056","targetHints":{"allow":["GET"]}}],"collection":[{"href":"https:\/\/novox.com\/nl\/wp-json\/wp\/v2\/product"}],"about":[{"href":"https:\/\/novox.com\/nl\/wp-json\/wp\/v2\/types\/product"}],"wp:featuredmedia":[{"embeddable":true,"href":"https:\/\/novox.com\/nl\/wp-json\/wp\/v2\/media\/6052"}],"wp:attachment":[{"href":"https:\/\/novox.com\/nl\/wp-json\/wp\/v2\/media?parent=6056"}],"wp:term":[{"taxonomy":"product_brand","embeddable":true,"href":"https:\/\/novox.com\/nl\/wp-json\/wp\/v2\/product_brand?post=6056"},{"taxonomy":"product_cat","embeddable":true,"href":"https:\/\/novox.com\/nl\/wp-json\/wp\/v2\/product_cat?post=6056"},{"taxonomy":"product_tag","embeddable":true,"href":"https:\/\/novox.com\/nl\/wp-json\/wp\/v2\/product_tag?post=6056"}],"curies":[{"name":"wp","href":"https:\/\/api.w.org\/{rel}","templated":true}]}}